{"id":121,"date":"2022-05-30T08:59:15","date_gmt":"2022-05-30T06:59:15","guid":{"rendered":"http:\/\/www.lappliculteur.ch\/?page_id=121"},"modified":"2022-05-30T08:59:15","modified_gmt":"2022-05-30T06:59:15","slug":"contribuer","status":"publish","type":"page","link":"https:\/\/www.lappliculteur.ch\/index.php\/contribuer\/","title":{"rendered":"Contribuer"},"content":{"rendered":"\n<ul class=\"has-medium-font-size wp-block-list\"><li>Les possibilit\u00e9s de contextualisation de contenu vous inspirent ?<\/li><li>Vous souhaitez faire revivre une m\u00e9moire ?<\/li><li>Vous d\u00e9sirez souligner une richesse de notre r\u00e9gion ?<\/li><li>L\u2019interactivit\u00e9 avec les usagers serait utile \u00e0 votre projet scientifique, social ou autre ?<\/li><\/ul>\n\n\n\n<p class=\"has-medium-font-size\">Contactez-nous pour soumettre votre id\u00e9e et votre projet.<\/p>\n\n\n\n<p class=\"has-medium-font-size\">Notre \u00e9mail : lappliculteur@gmail.com<\/p>\n","protected":false},"excerpt":{"rendered":"<p>Les possibilit\u00e9s de contextualisation de contenu vous inspirent ? Vous souhaitez faire revivre une m\u00e9moire ? Vous d\u00e9sirez souligner une richesse de notre r\u00e9gion ? L\u2019interactivit\u00e9 avec les usagers serait utile \u00e0 votre projet scientifique, social ou autre ? Contactez-nous pour soumettre votre id\u00e9e et&nbsp;<a class=\"read-more\" href=\"https:\/\/www.lappliculteur.ch\/index.php\/contribuer\/\">&hellip;<\/a><\/p>\n","protected":false},"author":1,"featured_media":0,"parent":0,"menu_order":0,"comment_status":"closed","ping_status":"closed","template":"","meta":{"footnotes":""},"class_list":["post-121","page","type-page","status-publish","hentry"],"_links":{"self":[{"href":"https:\/\/www.lappliculteur.ch\/index.php\/wp-json\/wp\/v2\/pages\/121","targetHints":{"allow":["GET"]}}],"collection":[{"href":"https:\/\/www.lappliculteur.ch\/index.php\/wp-json\/wp\/v2\/pages"}],"about":[{"href":"https:\/\/www.lappliculteur.ch\/index.php\/wp-json\/wp\/v2\/types\/page"}],"author":[{"embeddable":true,"href":"https:\/\/www.lappliculteur.ch\/index.php\/wp-json\/wp\/v2\/users\/1"}],"replies":[{"embeddable":true,"href":"https:\/\/www.lappliculteur.ch\/index.php\/wp-json\/wp\/v2\/comments?post=121"}],"version-history":[{"count":1,"href":"https:\/\/www.lappliculteur.ch\/index.php\/wp-json\/wp\/v2\/pages\/121\/revisions"}],"predecessor-version":[{"id":122,"href":"https:\/\/www.lappliculteur.ch\/index.php\/wp-json\/wp\/v2\/pages\/121\/revisions\/122"}],"wp:attachment":[{"href":"https:\/\/www.lappliculteur.ch\/index.php\/wp-json\/wp\/v2\/media?parent=121"}],"curies":[{"name":"wp","href":"https:\/\/api.w.org\/{rel}","templated":true}]}}