{"id":31,"date":"2022-05-23T23:37:49","date_gmt":"2022-05-23T21:37:49","guid":{"rendered":"http:\/\/www.lappliculteur.ch\/?page_id=31"},"modified":"2022-05-23T23:37:49","modified_gmt":"2022-05-23T21:37:49","slug":"un-outil-innovant","status":"publish","type":"page","link":"https:\/\/www.lappliculteur.ch\/index.php\/un-outil-innovant\/","title":{"rendered":"Un Outil innovant"},"content":{"rendered":"\n<p>Notre objectif premier est de doter La Chaux-de-Fonds et sa r\u00e9gion d\u2019un outil: une application mobile est un outil innovant, qui \u00e9pouse les nouvelles habitudes des usagers.<\/p>\n\n\n\n<p>Contrairement \u00e0 nombre d\u2019applications d\u00e9di\u00e9es, donc limit\u00e9es \u00e0 un seul service ou sp\u00e9cifiques \u00e0 un produit ou une th\u00e9matique,&nbsp;<strong>L\u2019Appliculteur<\/strong>&nbsp;se veut \u00eatre un outil, un vecteur de communication g\u00e9n\u00e9raliste, participatif et p\u00e9renne.<\/p>\n\n\n\n<p>Nous sommes convaincus que c\u2019est par sa diversit\u00e9 et en rassemblant les dimensions \u00e9conomiques, culturelles, associatives, que&nbsp;<strong>L\u2019Appliculteur <\/strong>saura :<\/p>\n\n\n\n<ul class=\"wp-block-list\"><li>s\u2019inscrire au coeur de la vie de la r\u00e9gion et<\/li><li>p\u00e9renniser sa fonction d\u2019outil au service d\u2019une convivialit\u00e9 renouvel\u00e9e et d\u2019une proximit\u00e9 v\u00e9cue.<\/li><\/ul>\n\n\n\n<p>Support id\u00e9al pour tout contenu valorisant les patrimoines, le lien social, les forces vives et les atouts de notre ville,&nbsp;<strong>L\u2019Appliculteur <\/strong>souhaite devenir un lieu de rencontre entre ses acteurs et ses usagers.<\/p>\n","protected":false},"excerpt":{"rendered":"<p>Notre objectif premier est de doter La Chaux-de-Fonds et sa r\u00e9gion d\u2019un outil: une application mobile est un outil innovant, qui \u00e9pouse les nouvelles habitudes des usagers. Contrairement \u00e0 nombre d\u2019applications d\u00e9di\u00e9es, donc limit\u00e9es \u00e0 un seul service ou sp\u00e9cifiques \u00e0 un produit ou une&nbsp;<a class=\"read-more\" href=\"https:\/\/www.lappliculteur.ch\/index.php\/un-outil-innovant\/\">&hellip;<\/a><\/p>\n","protected":false},"author":1,"featured_media":0,"parent":0,"menu_order":0,"comment_status":"closed","ping_status":"closed","template":"","meta":{"footnotes":""},"class_list":["post-31","page","type-page","status-publish","hentry"],"_links":{"self":[{"href":"https:\/\/www.lappliculteur.ch\/index.php\/wp-json\/wp\/v2\/pages\/31","targetHints":{"allow":["GET"]}}],"collection":[{"href":"https:\/\/www.lappliculteur.ch\/index.php\/wp-json\/wp\/v2\/pages"}],"about":[{"href":"https:\/\/www.lappliculteur.ch\/index.php\/wp-json\/wp\/v2\/types\/page"}],"author":[{"embeddable":true,"href":"https:\/\/www.lappliculteur.ch\/index.php\/wp-json\/wp\/v2\/users\/1"}],"replies":[{"embeddable":true,"href":"https:\/\/www.lappliculteur.ch\/index.php\/wp-json\/wp\/v2\/comments?post=31"}],"version-history":[{"count":1,"href":"https:\/\/www.lappliculteur.ch\/index.php\/wp-json\/wp\/v2\/pages\/31\/revisions"}],"predecessor-version":[{"id":32,"href":"https:\/\/www.lappliculteur.ch\/index.php\/wp-json\/wp\/v2\/pages\/31\/revisions\/32"}],"wp:attachment":[{"href":"https:\/\/www.lappliculteur.ch\/index.php\/wp-json\/wp\/v2\/media?parent=31"}],"curies":[{"name":"wp","href":"https:\/\/api.w.org\/{rel}","templated":true}]}}