{"id":45,"date":"2022-05-23T23:51:35","date_gmt":"2022-05-23T21:51:35","guid":{"rendered":"http:\/\/www.lappliculteur.ch\/?page_id=45"},"modified":"2022-05-30T16:00:47","modified_gmt":"2022-05-30T14:00:47","slug":"a-propos","status":"publish","type":"page","link":"https:\/\/www.lappliculteur.ch\/index.php\/a-propos\/","title":{"rendered":"A propos"},"content":{"rendered":"\n<p class=\"has-medium-font-size\"><strong>L\u2019Appliculteur<\/strong> est une application mobile \u00e9dit\u00e9e par<strong> Carpe Locum<\/strong>, association \u00e0 but non lucratif regroupant des membres allant du Locle \u00e0 Porrentruy, en passant par La Chaux-de-Fonds et Neuch\u00e2tel.<\/p>\n\n\n\n<p class=\"has-medium-font-size\"><strong>Carpe Locum<\/strong> contribue notamment \u00e0 l\u2019\u00e9dition de l\u2019application locloise, \u00ab\u00a0<strong>La Locloiserie<\/strong>\u00a0\u00bb, et de douze autres projets d\u2019application hyperlocale.<\/p>\n\n\n\n<figure class=\"wp-block-image size-large is-resized\"><a href=\"http:\/\/www.carpelocum.ch\"><img loading=\"lazy\" decoding=\"async\" src=\"https:\/\/www.lappliculteur.ch\/wp-content\/uploads\/2022\/05\/cropped-point-plein-carpe-ii-1024x227.png\" alt=\"\" class=\"wp-image-133\" width=\"576\" height=\"128\" srcset=\"https:\/\/www.lappliculteur.ch\/wp-content\/uploads\/2022\/05\/cropped-point-plein-carpe-ii-1024x227.png 1024w, https:\/\/www.lappliculteur.ch\/wp-content\/uploads\/2022\/05\/cropped-point-plein-carpe-ii-300x66.png 300w, https:\/\/www.lappliculteur.ch\/wp-content\/uploads\/2022\/05\/cropped-point-plein-carpe-ii-768x170.png 768w, https:\/\/www.lappliculteur.ch\/wp-content\/uploads\/2022\/05\/cropped-point-plein-carpe-ii.png 1160w\" sizes=\"auto, (max-width: 576px) 100vw, 576px\" \/><\/a><\/figure>\n","protected":false},"excerpt":{"rendered":"<p>L\u2019Appliculteur est une application mobile \u00e9dit\u00e9e par Carpe Locum, association \u00e0 but non lucratif regroupant des membres allant du Locle \u00e0 Porrentruy, en passant par La Chaux-de-Fonds et Neuch\u00e2tel. Carpe Locum contribue notamment \u00e0 l\u2019\u00e9dition de l\u2019application locloise, \u00ab\u00a0La Locloiserie\u00a0\u00bb, et de douze autres projets&nbsp;<a class=\"read-more\" href=\"https:\/\/www.lappliculteur.ch\/index.php\/a-propos\/\">&hellip;<\/a><\/p>\n","protected":false},"author":1,"featured_media":0,"parent":0,"menu_order":0,"comment_status":"closed","ping_status":"closed","template":"","meta":{"footnotes":""},"class_list":["post-45","page","type-page","status-publish","hentry"],"_links":{"self":[{"href":"https:\/\/www.lappliculteur.ch\/index.php\/wp-json\/wp\/v2\/pages\/45","targetHints":{"allow":["GET"]}}],"collection":[{"href":"https:\/\/www.lappliculteur.ch\/index.php\/wp-json\/wp\/v2\/pages"}],"about":[{"href":"https:\/\/www.lappliculteur.ch\/index.php\/wp-json\/wp\/v2\/types\/page"}],"author":[{"embeddable":true,"href":"https:\/\/www.lappliculteur.ch\/index.php\/wp-json\/wp\/v2\/users\/1"}],"replies":[{"embeddable":true,"href":"https:\/\/www.lappliculteur.ch\/index.php\/wp-json\/wp\/v2\/comments?post=45"}],"version-history":[{"count":4,"href":"https:\/\/www.lappliculteur.ch\/index.php\/wp-json\/wp\/v2\/pages\/45\/revisions"}],"predecessor-version":[{"id":137,"href":"https:\/\/www.lappliculteur.ch\/index.php\/wp-json\/wp\/v2\/pages\/45\/revisions\/137"}],"wp:attachment":[{"href":"https:\/\/www.lappliculteur.ch\/index.php\/wp-json\/wp\/v2\/media?parent=45"}],"curies":[{"name":"wp","href":"https:\/\/api.w.org\/{rel}","templated":true}]}}