{"id":47,"date":"2022-05-23T23:52:25","date_gmt":"2022-05-23T21:52:25","guid":{"rendered":"http:\/\/www.lappliculteur.ch\/?page_id=47"},"modified":"2022-05-30T09:31:26","modified_gmt":"2022-05-30T07:31:26","slug":"nos-valeurs","status":"publish","type":"page","link":"https:\/\/www.lappliculteur.ch\/index.php\/nos-valeurs\/","title":{"rendered":"Nos Valeurs"},"content":{"rendered":"\n<p class=\"has-medium-font-size\">Tenus \u00e0 une stricte neutralit\u00e9 politique et confessionnelle, il nous est cependant loisible de poser quelques termes qui nous rendent confortables et joyeux. Sans forc\u00e9ment \u00e9noncer un programme pr\u00e9cis, ces mots fonctionnent pour nous comme des boussoles. Ils nous inspirent un sens, des objectifs et des modalit\u00e9s de fonctionnement.<\/p>\n\n\n\n<figure class=\"wp-block-image\"><img decoding=\"async\" src=\"https:\/\/appliculteur.files.wordpress.com\/2021\/02\/illustration-nos-valeurs-2-1.jpg?w=760\" alt=\"\" class=\"wp-image-437\"\/><\/figure>\n\n\n\n<p class=\"has-medium-font-size\">Nous cultiverons notre sourire tant que notre projet\u2019 peut humblement ajouter une pierre ou fournir un outil au plaisir du vivre ensemble et au go\u00fbt des choses.<\/p>\n","protected":false},"excerpt":{"rendered":"<p>Tenus \u00e0 une stricte neutralit\u00e9 politique et confessionnelle, il nous est cependant loisible de poser quelques termes qui nous rendent confortables et joyeux. Sans forc\u00e9ment \u00e9noncer un programme pr\u00e9cis, ces mots fonctionnent pour nous comme des boussoles. Ils nous inspirent un sens, des objectifs et&nbsp;<a class=\"read-more\" href=\"https:\/\/www.lappliculteur.ch\/index.php\/nos-valeurs\/\">&hellip;<\/a><\/p>\n","protected":false},"author":1,"featured_media":0,"parent":0,"menu_order":0,"comment_status":"closed","ping_status":"closed","template":"","meta":{"footnotes":""},"class_list":["post-47","page","type-page","status-publish","hentry"],"_links":{"self":[{"href":"https:\/\/www.lappliculteur.ch\/index.php\/wp-json\/wp\/v2\/pages\/47","targetHints":{"allow":["GET"]}}],"collection":[{"href":"https:\/\/www.lappliculteur.ch\/index.php\/wp-json\/wp\/v2\/pages"}],"about":[{"href":"https:\/\/www.lappliculteur.ch\/index.php\/wp-json\/wp\/v2\/types\/page"}],"author":[{"embeddable":true,"href":"https:\/\/www.lappliculteur.ch\/index.php\/wp-json\/wp\/v2\/users\/1"}],"replies":[{"embeddable":true,"href":"https:\/\/www.lappliculteur.ch\/index.php\/wp-json\/wp\/v2\/comments?post=47"}],"version-history":[{"count":2,"href":"https:\/\/www.lappliculteur.ch\/index.php\/wp-json\/wp\/v2\/pages\/47\/revisions"}],"predecessor-version":[{"id":131,"href":"https:\/\/www.lappliculteur.ch\/index.php\/wp-json\/wp\/v2\/pages\/47\/revisions\/131"}],"wp:attachment":[{"href":"https:\/\/www.lappliculteur.ch\/index.php\/wp-json\/wp\/v2\/media?parent=47"}],"curies":[{"name":"wp","href":"https:\/\/api.w.org\/{rel}","templated":true}]}}